{"id":8230,"date":"2016-03-18T14:30:20","date_gmt":"2016-03-18T13:30:20","guid":{"rendered":"http:\/\/www.bancadellacalce.it\/bdc\/?page_id=8230"},"modified":"2024-04-06T23:01:06","modified_gmt":"2024-04-06T21:01:06","slug":"faq-tadelakt","status":"publish","type":"page","link":"https:\/\/www.bancadellacalce.it\/bdc\/tadelakt\/faq-tadelakt\/","title":{"rendered":"FAQ TADELAKT"},"content":{"rendered":"<section class=\"wpb-content-wrapper\">[vc_row full_width=&#8221;stretch_row&#8221; css=&#8221;.vc_custom_1654231679319{background-color: #c77838 !important;}&#8221;][vc_column][vc_empty_space height=&#8221;90px&#8221;][vc_single_image image=&#8221;51402&#8243; img_size=&#8221;150&#215;150&#8243; alignment=&#8221;center&#8221; style=&#8221;vc_box_rounded&#8221;][vc_empty_space height=&#8221;20px&#8221;][vc_column_text]\n<h1 style=\"text-align: center;\"><span style=\"font-family: Montserrat; color: #ffffff;\">FAQ<\/span><\/h1>\n[\/vc_column_text][\/vc_column][\/vc_row][vc_row][vc_column][vc_empty_space height=&#8221;30px&#8221;][vc_column_text]\n<h2>INFO GENERALI<\/h2>\n[\/vc_column_text][vc_toggle title=&#8221;Cos\u2019\u00e8 il Tadelakt?&#8221; open=&#8221;true&#8221; el_id=&#8221;1454090338079-febfa0b7-844e&#8221;]<img loading=\"lazy\" decoding=\"async\" class=\"alignright wp-image-9489 size-thumbnail\" src=\"https:\/\/www.bancadellacalce.it\/bdc\/wp-content\/uploads\/2015\/12\/patc-150x150.jpg\" alt=\"patc\" width=\"150\" height=\"150\" srcset=\"https:\/\/www.bancadellacalce.it\/bdc\/wp-content\/uploads\/2015\/12\/patc-150x150.jpg 150w, https:\/\/www.bancadellacalce.it\/bdc\/wp-content\/uploads\/2015\/12\/patc-300x300.jpg 300w, https:\/\/www.bancadellacalce.it\/bdc\/wp-content\/uploads\/2015\/12\/patc-100x100.jpg 100w, https:\/\/www.bancadellacalce.it\/bdc\/wp-content\/uploads\/2015\/12\/patc-125x125.jpg 125w\" sizes=\"auto, (max-width: 150px) 100vw, 150px\" \/>Il tadelakt \u00e8 un\u2019antica tecnica di finitura marocchina basata su un particolare tipo di calce prodotta in Marocco, nella zona di Marrakech. L\u2019impasto viene applicato, levigato e lucidato con il sapone all\u2019olio d\u2019oliva. Questa lavorazione conferisce caratteristiche estetiche di grande impatto materico e valorizza gli ambienti, inoltre diventa idrorepellente per cui pu\u00f2 essere impiegato per realizzare docce e vasche da bagno. La combinazione di queste propriet\u00e0 lo rende un materiale unico ed ecologico che si presta ad essere applicato sia nelle architetture tradizionali che negli spazi contemporanei. I toni e le intensit\u00e0 di colore delle pareti trattate con questo materiale variano da applicazione ad applicazione, capolavori originati dalla combinazione della mano abile dell\u2019uomo unita alle magiche forze di un materiale naturale.[\/vc_toggle][vc_toggle title=&#8221;Dove pu\u00f2 essere applicato il Tadelakt?&#8221; el_id=&#8221;1454090533919-37334955-6151&#8243;]<img loading=\"lazy\" decoding=\"async\" class=\"alignright wp-image-8587 size-thumbnail\" src=\"https:\/\/www.bancadellacalce.it\/bdc\/wp-content\/uploads\/2015\/12\/bdc-_fb-tl-150x150.jpg\" alt=\"tadelakt bagno\" width=\"150\" height=\"150\" srcset=\"https:\/\/www.bancadellacalce.it\/bdc\/wp-content\/uploads\/2015\/12\/bdc-_fb-tl-150x150.jpg 150w, https:\/\/www.bancadellacalce.it\/bdc\/wp-content\/uploads\/2015\/12\/bdc-_fb-tl-300x300.jpg 300w, https:\/\/www.bancadellacalce.it\/bdc\/wp-content\/uploads\/2015\/12\/bdc-_fb-tl-100x100.jpg 100w, https:\/\/www.bancadellacalce.it\/bdc\/wp-content\/uploads\/2015\/12\/bdc-_fb-tl-125x125.jpg 125w\" sizes=\"auto, (max-width: 150px) 100vw, 150px\" \/>La risposta \u00e8 semplice: dovunque!<br \/>\nNon si limita alle aree umide, dove il Tadelakt \u00e8 tradizionalmente usato, ma anche per rivestimenti per cui si desidera una finitura luminosa e pratica<br \/>\nIl Tadelakt pu\u00f2, naturalmente, essere usato anche in ambienti esposti ad alti tassi di umidit\u00e0, quali hammam e SPA.[\/vc_toggle][vc_toggle title=&#8221;Quali sono i colori disponibili?&#8221; el_id=&#8221;1454090560295-0b3da60e-711b&#8221;]<img loading=\"lazy\" decoding=\"async\" class=\"alignright wp-image-9986 size-thumbnail\" src=\"https:\/\/www.bancadellacalce.it\/bdc\/wp-content\/uploads\/2016\/05\/pigmenti_tadelakt-150x150.jpg\" alt=\"tadelakt\" width=\"150\" height=\"150\" srcset=\"https:\/\/www.bancadellacalce.it\/bdc\/wp-content\/uploads\/2016\/05\/pigmenti_tadelakt-150x150.jpg 150w, https:\/\/www.bancadellacalce.it\/bdc\/wp-content\/uploads\/2016\/05\/pigmenti_tadelakt-300x300.jpg 300w, https:\/\/www.bancadellacalce.it\/bdc\/wp-content\/uploads\/2016\/05\/pigmenti_tadelakt-100x100.jpg 100w\" sizes=\"auto, (max-width: 150px) 100vw, 150px\" \/>Noi utilizziamo esclusivamente pigmenti in polvere, terre naturali e ossidi stabili alla calce, che donano alle superfici\u00a0profondit\u00e0 e tonalit\u00e0 straordinarie. Ti invitiamo a consultare la nostra sezione <a href=\"https:\/\/www.bancadellacalce.it\/bdc\/tadelakt\/#prodotti\">Pigmenti<\/a> sul nostro sito.[\/vc_toggle][vc_column_text]\n<h2>POSA<\/h2>\n[\/vc_column_text][vc_toggle title=&#8221;Qual&#8217;\u00e8 il supporto ideale per il Tadelakt?&#8221; el_id=&#8221;1456763893404-a4a716e1-fc8c&#8221;]<img loading=\"lazy\" decoding=\"async\" class=\"alignright wp-image-11938 size-thumbnail\" src=\"https:\/\/www.bancadellacalce.it\/bdc\/wp-content\/uploads\/2017\/05\/fondo_tadelakt_banca_della_calce-150x150.jpg\" alt=\"talocca tadelakt\" width=\"150\" height=\"150\" srcset=\"https:\/\/www.bancadellacalce.it\/bdc\/wp-content\/uploads\/2017\/05\/fondo_tadelakt_banca_della_calce-150x150.jpg 150w, https:\/\/www.bancadellacalce.it\/bdc\/wp-content\/uploads\/2017\/05\/fondo_tadelakt_banca_della_calce-300x300.jpg 300w, https:\/\/www.bancadellacalce.it\/bdc\/wp-content\/uploads\/2017\/05\/fondo_tadelakt_banca_della_calce-100x100.jpg 100w, https:\/\/www.bancadellacalce.it\/bdc\/wp-content\/uploads\/2017\/05\/fondo_tadelakt_banca_della_calce-80x80.jpg 80w\" sizes=\"auto, (max-width: 150px) 100vw, 150px\" \/>Il supporto deve garantire un perfetto ancoraggio meccanico.<br \/>\nDeve essere grezzo e perfettamente assorbente, con granulometria di 1-2 mm, omogeneo, senza finiture, rasature o rappezzi. In assenza di queste condizioni, procedere con la stesura di un intonaco di fondo Tadelakt SOTTOFONDO con caratteristiche di cui sopra. Per altri supporti, invitiamo a contattare la nostra assistenza tecnica.[\/vc_toggle][vc_toggle title=&#8221;Si pu\u00f2 usare per i pavimenti?&#8221; el_id=&#8221;1454090758064-1edca4d3-e790&#8243;]<img loading=\"lazy\" decoding=\"async\" class=\"alignright wp-image-9049 size-thumbnail\" src=\"https:\/\/www.bancadellacalce.it\/bdc\/wp-content\/uploads\/2015\/12\/calcequalita_bancadellacalce_9-150x150.jpg\" alt=\"Pastellone\" width=\"150\" height=\"150\" srcset=\"https:\/\/www.bancadellacalce.it\/bdc\/wp-content\/uploads\/2015\/12\/calcequalita_bancadellacalce_9-150x150.jpg 150w, https:\/\/www.bancadellacalce.it\/bdc\/wp-content\/uploads\/2015\/12\/calcequalita_bancadellacalce_9-300x300.jpg 300w, https:\/\/www.bancadellacalce.it\/bdc\/wp-content\/uploads\/2015\/12\/calcequalita_bancadellacalce_9-100x100.jpg 100w, https:\/\/www.bancadellacalce.it\/bdc\/wp-content\/uploads\/2015\/12\/calcequalita_bancadellacalce_9-80x80.jpg 80w, https:\/\/www.bancadellacalce.it\/bdc\/wp-content\/uploads\/2015\/12\/calcequalita_bancadellacalce_9-600x600.jpg 600w\" sizes=\"auto, (max-width: 150px) 100vw, 150px\" \/>S\u00ec.<br \/>\nSi consiglia di applicarlo solo in ambienti dove si circola scalzi o con calzatura a suola morbida.<br \/>\nIl Tadelakt \u00a0\u00e8 un materiale naturale che non ha la resistenza tipica di ceramiche o resine sintetiche.[\/vc_toggle][vc_toggle title=&#8221;Dove posso trovare un artigiano esperto nella posa del Tadelakt?&#8221; el_id=&#8221;1458504055300-9150c97e-5f9e&#8221;]\n<div class=\"page\" title=\"Page 5\">\n<div class=\"layoutArea\">\n<div class=\"column\">\n<p><img loading=\"lazy\" decoding=\"async\" class=\"alignright wp-image-5568 size-thumbnail\" src=\"https:\/\/www.bancadellacalce.it\/bdc\/wp-content\/uploads\/2016\/01\/realizzazioni_blu-150x150.jpg\" alt=\"Tadelakt\" width=\"150\" height=\"150\" srcset=\"https:\/\/www.bancadellacalce.it\/bdc\/wp-content\/uploads\/2016\/01\/realizzazioni_blu-150x150.jpg 150w, https:\/\/www.bancadellacalce.it\/bdc\/wp-content\/uploads\/2016\/01\/realizzazioni_blu-300x300.jpg 300w, https:\/\/www.bancadellacalce.it\/bdc\/wp-content\/uploads\/2016\/01\/realizzazioni_blu-100x100.jpg 100w\" sizes=\"auto, (max-width: 150px) 100vw, 150px\" \/>Scrivici\u00a0e ti metteremo in contatto con la nostra rete di posatori esperti.<br \/>\nFissa un sopralluogo per ottenere tutte le info sulla posa e un preventivo ad hoc per il tuo progetto<\/p>\n<\/div>\n<\/div>\n<\/div>\n[\/vc_toggle][vc_column_text]\n<h2>CURA E MANUTENZIONE<\/h2>\n[\/vc_column_text][vc_toggle title=&#8221;Come pulirlo?&#8221; el_id=&#8221;1454090724955-556a5524-1c29&#8243;]<img loading=\"lazy\" decoding=\"async\" class=\"alignright wp-image-8754 size-thumbnail\" src=\"https:\/\/www.bancadellacalce.it\/bdc\/wp-content\/uploads\/2015\/12\/sapone_nero-150x150.jpg\" alt=\"sapone tadelakt\" width=\"150\" height=\"150\" srcset=\"https:\/\/www.bancadellacalce.it\/bdc\/wp-content\/uploads\/2015\/12\/sapone_nero-150x150.jpg 150w, https:\/\/www.bancadellacalce.it\/bdc\/wp-content\/uploads\/2015\/12\/sapone_nero-300x300.jpg 300w, https:\/\/www.bancadellacalce.it\/bdc\/wp-content\/uploads\/2015\/12\/sapone_nero-100x100.jpg 100w, https:\/\/www.bancadellacalce.it\/bdc\/wp-content\/uploads\/2015\/12\/sapone_nero-80x80.jpg 80w\" sizes=\"auto, (max-width: 150px) 100vw, 150px\" \/>\u00c8 possibile pulire il Tadelakt con acqua e un panno, \u00e8 facile. Dopo che la posa in opera \u00e8 stata completata, si tratta il Tadelakt con sapone nero all\u2019olio d\u2019oliva che crea una superficie resistente all\u2019acqua. Si consiglia di nutrire la superficie e la sua idrorepellente \u00a0periodicamente applicando, con l&#8217;aiuto di una spugna, una soluzione acquosa di sapone nero.[\/vc_toggle][vc_toggle title=&#8221;Pu\u00f2 essere riparato?&#8221; el_id=&#8221;1458504062231-522f330d-2a00&#8243;]\n<div class=\"page\" title=\"Page 5\">\n<p><img loading=\"lazy\" decoding=\"async\" class=\"alignright wp-image-13562 size-thumbnail\" src=\"https:\/\/www.bancadellacalce.it\/bdc\/wp-content\/uploads\/2018\/03\/Tadelakt_starter_kit_5-150x150.jpg\" alt=\"\" width=\"150\" height=\"150\" srcset=\"https:\/\/www.bancadellacalce.it\/bdc\/wp-content\/uploads\/2018\/03\/Tadelakt_starter_kit_5-150x150.jpg 150w, https:\/\/www.bancadellacalce.it\/bdc\/wp-content\/uploads\/2018\/03\/Tadelakt_starter_kit_5-300x300.jpg 300w, https:\/\/www.bancadellacalce.it\/bdc\/wp-content\/uploads\/2018\/03\/Tadelakt_starter_kit_5-100x100.jpg 100w\" sizes=\"auto, (max-width: 150px) 100vw, 150px\" \/><\/p>\n<div class=\"layoutArea\">\n<div class=\"column\">\n<p>S\u00ec, il tadelakt pu\u00f2 essere riparato.<br \/>\nE&#8217; importante per\u00f2 che ogni intervento sia eseguita da un applicatore esperto in Tadelakt, preferibilmente lo stesso che ha realizzato il lavoro in passato.<\/p>\n<\/div>\n<\/div>\n<\/div>\n[\/vc_toggle][vc_column_text]\n<h2>A TUA DISPOSIZIONE<\/h2>\n[\/vc_column_text][vc_toggle title=&#8221;Quanto costa un bagno in Tadelakt?&#8221; el_id=&#8221;1454090697118-732b1f9a-efdb&#8221;]<img loading=\"lazy\" decoding=\"async\" class=\"alignright wp-image-7526 size-thumbnail\" src=\"https:\/\/www.bancadellacalce.it\/bdc\/wp-content\/uploads\/2016\/02\/logo_tadelakt_small-150x108.png\" alt=\"logo tadelakt\" width=\"150\" height=\"108\" \/>Puoi richiede un listino prezzi. Puoi scriverci una email con i dettagli del tuo progetto, o inviarci un disegno e noi ti risponderemo con un preventivo. Puoi richiedere un sopralluogo da parte di uno dei nostri applicatori per ricevere una quotazione pi\u00f9 accurata.<br \/>\nNormalmente, formuliamo un&#8217;offerta in base alla metratura, ma occasionalmente possiamo fare il prezzo basandoci su altri fattori.[\/vc_toggle][vc_toggle title=&#8221;Offrite servizi di consulenza alla progettazione e alla posa in opera?&#8221; el_id=&#8221;1454090836030-81eb4e98-1377&#8243;]<img loading=\"lazy\" decoding=\"async\" class=\"alignright wp-image-5487 size-thumbnail\" src=\"https:\/\/www.bancadellacalce.it\/bdc\/wp-content\/uploads\/2015\/12\/12_01_BM7C1420-930x620-1-150x150.jpg\" alt=\"Galet\" width=\"150\" height=\"150\" srcset=\"https:\/\/www.bancadellacalce.it\/bdc\/wp-content\/uploads\/2015\/12\/12_01_BM7C1420-930x620-1-150x150.jpg 150w, https:\/\/www.bancadellacalce.it\/bdc\/wp-content\/uploads\/2015\/12\/12_01_BM7C1420-930x620-1-300x300.jpg 300w, https:\/\/www.bancadellacalce.it\/bdc\/wp-content\/uploads\/2015\/12\/12_01_BM7C1420-930x620-1-100x100.jpg 100w\" sizes=\"auto, (max-width: 150px) 100vw, 150px\" \/>S\u00ec, offriamo una gamma completa di servizi di supporto alla progettazione e alla posa in opera del prodotto.<br \/>\nContattaci per ogni dubbio e\/o informazione di carattere tecnico e commerciale.<br \/>\nUsa il form di contatto: riceverai subito risposta.[\/vc_toggle][vc_toggle title=&#8221;Ho ancora dei dubbi, posso parlare con qualcuno?&#8221;]\n<div class=\"page\" title=\"Page 5\">\n<div class=\"layoutArea\">\n<div class=\"column\">\n<p><img loading=\"lazy\" decoding=\"async\" class=\"alignright wp-image-25323 size-thumbnail\" src=\"https:\/\/www.bancadellacalce.it\/bdc\/wp-content\/uploads\/2020\/03\/realizzazioni_tadelakt_011-150x150.jpg\" alt=\"\" width=\"150\" height=\"150\" srcset=\"https:\/\/www.bancadellacalce.it\/bdc\/wp-content\/uploads\/2020\/03\/realizzazioni_tadelakt_011-150x150.jpg 150w, https:\/\/www.bancadellacalce.it\/bdc\/wp-content\/uploads\/2020\/03\/realizzazioni_tadelakt_011-300x300.jpg 300w, https:\/\/www.bancadellacalce.it\/bdc\/wp-content\/uploads\/2020\/03\/realizzazioni_tadelakt_011-100x100.jpg 100w, https:\/\/www.bancadellacalce.it\/bdc\/wp-content\/uploads\/2020\/03\/realizzazioni_tadelakt_011-80x80.jpg 80w\" sizes=\"auto, (max-width: 150px) 100vw, 150px\" \/><\/p>\n<p>Certo, siamo a sempre disponibili per tutte le informazione e i consigli.<br \/>\nChiama in orari di ufficio la nostra assistenza tecnica al 051.4842426 o mandaci una mail utilizzato il form di contatto.<\/p>\n<\/div>\n<\/div>\n<\/div>\n[\/vc_toggle][\/vc_column][\/vc_row][vc_row][vc_column][vc_empty_space height=&#8221;30px&#8221;][vc_column_text]\n<h2 style=\"text-align: center;\"><span style=\"font-family: Montserrat; color: #000000;\">LE NEWS DI TADELAKT<\/span><\/h2>\n[\/vc_column_text][vc_empty_space height=&#8221;30px&#8221;][vc_basic_grid post_type=&#8221;post&#8221; max_items=&#8221;4&#8243; element_width=&#8221;6&#8243; gap=&#8221;10&#8243; orderby=&#8221;rand&#8221; item=&#8221;9980&#8243; initial_loading_animation=&#8221;zoomIn&#8221; grid_id=&#8221;vc_gid:1712437213709-e901e423-a042-3&#8243; taxonomies=&#8221;87&#8243;][\/vc_column][\/vc_row]\n<\/section>","protected":false},"excerpt":{"rendered":"<p>[vc_row full_width=&#8221;stretch_row&#8221; css=&#8221;.vc_custom_1654231679319{background-color: #c77838 !important;}&#8221;][vc_column][vc_empty_space height=&#8221;90px&#8221;][vc_single_image image=&#8221;51402&#8243; img_size=&#8221;150&#215;150&#8243; alignment=&#8221;center&#8221; style=&#8221;vc_box_rounded&#8221;][vc_empty_space height=&#8221;20px&#8221;][vc_column_text] FAQ [\/vc_column_text][\/vc_column][\/vc_row][vc_row][vc_column][vc_empty_space height=&#8221;30px&#8221;][vc_column_text] INFO GENERALI [\/vc_column_text][vc_toggle title=&#8221;Cos\u2019\u00e8 il Tadelakt?&#8221; open=&#8221;true&#8221; el_id=&#8221;1454090338079-febfa0b7-844e&#8221;]Il tadelakt \u00e8 un\u2019antica tecnica di finitura marocchina basata su un particolare tipo di calce prodotta in Marocco, nella&hellip;<\/p>\n","protected":false},"author":5,"featured_media":9489,"parent":4557,"menu_order":0,"comment_status":"closed","ping_status":"closed","template":"","meta":{"_joinchat":[],"footnotes":""},"class_list":["post-8230","page","type-page","status-publish","has-post-thumbnail","hentry","entry","has-media"],"yoast_head":"<!-- This site is optimized with the Yoast SEO plugin v27.4 - https:\/\/yoast.com\/product\/yoast-seo-wordpress\/ -->\n<title>Tadelakt costo - FAQ - Tadelakt Originale - La Banca della Calce<\/title>\n<meta name=\"description\" content=\"Quanto costa un bagno in Tadelakt ? Qual&#039;\u00e8 il costo al mq ? Come si realizza il Tadelakt? Come di fa a rendere impermeabile il Tadelakt? Listino prezzi\" \/>\n<meta name=\"robots\" content=\"index, follow, max-snippet:-1, max-image-preview:large, max-video-preview:-1\" \/>\n<link rel=\"canonical\" href=\"https:\/\/www.bancadellacalce.it\/bdc\/tadelakt\/faq-tadelakt\/\" \/>\n<meta property=\"og:locale\" content=\"it_IT\" \/>\n<meta property=\"og:type\" content=\"article\" \/>\n<meta property=\"og:title\" content=\"Tadelakt costo - FAQ - Tadelakt Originale - La Banca della Calce\" \/>\n<meta property=\"og:description\" content=\"Quanto costa un bagno in Tadelakt ? Qual&#039;\u00e8 il costo al mq ? Come si realizza il Tadelakt? Come di fa a rendere impermeabile il Tadelakt? Listino prezzi\" \/>\n<meta property=\"og:url\" content=\"https:\/\/www.bancadellacalce.it\/bdc\/tadelakt\/faq-tadelakt\/\" \/>\n<meta property=\"og:site_name\" content=\"La banca della calce\" \/>\n<meta property=\"article:publisher\" content=\"https:\/\/www.facebook.com\/La-Banca-della-Calce-223667067649398\/\" \/>\n<meta property=\"article:modified_time\" content=\"2024-04-06T21:01:06+00:00\" \/>\n<meta property=\"og:image\" content=\"https:\/\/www.bancadellacalce.it\/bdc\/wp-content\/uploads\/2015\/12\/patc.jpg\" \/>\n\t<meta property=\"og:image:width\" content=\"1440\" \/>\n\t<meta property=\"og:image:height\" content=\"675\" \/>\n\t<meta property=\"og:image:type\" content=\"image\/jpeg\" \/>\n<meta name=\"twitter:card\" content=\"summary_large_image\" \/>\n<meta name=\"twitter:label1\" content=\"Tempo di lettura stimato\" \/>\n\t<meta name=\"twitter:data1\" content=\"6 minuti\" \/>\n<script type=\"application\/ld+json\" class=\"yoast-schema-graph\">{\"@context\":\"https:\\\/\\\/schema.org\",\"@graph\":[{\"@type\":\"WebPage\",\"@id\":\"https:\\\/\\\/www.bancadellacalce.it\\\/bdc\\\/tadelakt\\\/faq-tadelakt\\\/\",\"url\":\"https:\\\/\\\/www.bancadellacalce.it\\\/bdc\\\/tadelakt\\\/faq-tadelakt\\\/\",\"name\":\"Tadelakt costo - FAQ - Tadelakt Originale - La Banca della Calce\",\"isPartOf\":{\"@id\":\"https:\\\/\\\/www.bancadellacalce.it\\\/bdc\\\/#website\"},\"primaryImageOfPage\":{\"@id\":\"https:\\\/\\\/www.bancadellacalce.it\\\/bdc\\\/tadelakt\\\/faq-tadelakt\\\/#primaryimage\"},\"image\":{\"@id\":\"https:\\\/\\\/www.bancadellacalce.it\\\/bdc\\\/tadelakt\\\/faq-tadelakt\\\/#primaryimage\"},\"thumbnailUrl\":\"https:\\\/\\\/www.bancadellacalce.it\\\/bdc\\\/wp-content\\\/uploads\\\/2015\\\/12\\\/patc.jpg\",\"datePublished\":\"2016-03-18T13:30:20+00:00\",\"dateModified\":\"2024-04-06T21:01:06+00:00\",\"description\":\"Quanto costa un bagno in Tadelakt ? Qual'\u00e8 il costo al mq ? Come si realizza il Tadelakt? Come di fa a rendere impermeabile il Tadelakt? Listino prezzi\",\"breadcrumb\":{\"@id\":\"https:\\\/\\\/www.bancadellacalce.it\\\/bdc\\\/tadelakt\\\/faq-tadelakt\\\/#breadcrumb\"},\"inLanguage\":\"it-IT\",\"potentialAction\":[{\"@type\":\"ReadAction\",\"target\":[\"https:\\\/\\\/www.bancadellacalce.it\\\/bdc\\\/tadelakt\\\/faq-tadelakt\\\/\"]}]},{\"@type\":\"ImageObject\",\"inLanguage\":\"it-IT\",\"@id\":\"https:\\\/\\\/www.bancadellacalce.it\\\/bdc\\\/tadelakt\\\/faq-tadelakt\\\/#primaryimage\",\"url\":\"https:\\\/\\\/www.bancadellacalce.it\\\/bdc\\\/wp-content\\\/uploads\\\/2015\\\/12\\\/patc.jpg\",\"contentUrl\":\"https:\\\/\\\/www.bancadellacalce.it\\\/bdc\\\/wp-content\\\/uploads\\\/2015\\\/12\\\/patc.jpg\",\"width\":1440,\"height\":675},{\"@type\":\"BreadcrumbList\",\"@id\":\"https:\\\/\\\/www.bancadellacalce.it\\\/bdc\\\/tadelakt\\\/faq-tadelakt\\\/#breadcrumb\",\"itemListElement\":[{\"@type\":\"ListItem\",\"position\":1,\"name\":\"Home\",\"item\":\"https:\\\/\\\/www.bancadellacalce.it\\\/bdc\\\/\"},{\"@type\":\"ListItem\",\"position\":2,\"name\":\"TADELAKT\",\"item\":\"https:\\\/\\\/www.bancadellacalce.it\\\/bdc\\\/tadelakt\\\/\"},{\"@type\":\"ListItem\",\"position\":3,\"name\":\"FAQ TADELAKT\"}]},{\"@type\":\"WebSite\",\"@id\":\"https:\\\/\\\/www.bancadellacalce.it\\\/bdc\\\/#website\",\"url\":\"https:\\\/\\\/www.bancadellacalce.it\\\/bdc\\\/\",\"name\":\"La banca della calce\",\"description\":\"Costruire per natura\",\"publisher\":{\"@id\":\"https:\\\/\\\/www.bancadellacalce.it\\\/bdc\\\/#organization\"},\"potentialAction\":[{\"@type\":\"SearchAction\",\"target\":{\"@type\":\"EntryPoint\",\"urlTemplate\":\"https:\\\/\\\/www.bancadellacalce.it\\\/bdc\\\/?s={search_term_string}\"},\"query-input\":{\"@type\":\"PropertyValueSpecification\",\"valueRequired\":true,\"valueName\":\"search_term_string\"}}],\"inLanguage\":\"it-IT\"},{\"@type\":\"Organization\",\"@id\":\"https:\\\/\\\/www.bancadellacalce.it\\\/bdc\\\/#organization\",\"name\":\"La Banca della Calce\",\"url\":\"https:\\\/\\\/www.bancadellacalce.it\\\/bdc\\\/\",\"logo\":{\"@type\":\"ImageObject\",\"inLanguage\":\"it-IT\",\"@id\":\"https:\\\/\\\/www.bancadellacalce.it\\\/bdc\\\/#\\\/schema\\\/logo\\\/image\\\/\",\"url\":\"https:\\\/\\\/www.bancadellacalce.it\\\/bdc\\\/wp-content\\\/uploads\\\/2016\\\/01\\\/logo-labancadellacalce.png\",\"contentUrl\":\"https:\\\/\\\/www.bancadellacalce.it\\\/bdc\\\/wp-content\\\/uploads\\\/2016\\\/01\\\/logo-labancadellacalce.png\",\"width\":729,\"height\":125,\"caption\":\"La Banca della Calce\"},\"image\":{\"@id\":\"https:\\\/\\\/www.bancadellacalce.it\\\/bdc\\\/#\\\/schema\\\/logo\\\/image\\\/\"},\"sameAs\":[\"https:\\\/\\\/www.facebook.com\\\/La-Banca-della-Calce-223667067649398\\\/\",\"https:\\\/\\\/www.instagram.com\\\/labancadellacalce\\\/\",\"https:\\\/\\\/www.linkedin.com\\\/company\\\/19183447\"]}]}<\/script>\n<!-- \/ Yoast SEO plugin. -->","yoast_head_json":{"title":"Tadelakt costo - FAQ - Tadelakt Originale - La Banca della Calce","description":"Quanto costa un bagno in Tadelakt ? Qual'\u00e8 il costo al mq ? Come si realizza il Tadelakt? Come di fa a rendere impermeabile il Tadelakt? Listino prezzi","robots":{"index":"index","follow":"follow","max-snippet":"max-snippet:-1","max-image-preview":"max-image-preview:large","max-video-preview":"max-video-preview:-1"},"canonical":"https:\/\/www.bancadellacalce.it\/bdc\/tadelakt\/faq-tadelakt\/","og_locale":"it_IT","og_type":"article","og_title":"Tadelakt costo - FAQ - Tadelakt Originale - La Banca della Calce","og_description":"Quanto costa un bagno in Tadelakt ? Qual'\u00e8 il costo al mq ? Come si realizza il Tadelakt? Come di fa a rendere impermeabile il Tadelakt? Listino prezzi","og_url":"https:\/\/www.bancadellacalce.it\/bdc\/tadelakt\/faq-tadelakt\/","og_site_name":"La banca della calce","article_publisher":"https:\/\/www.facebook.com\/La-Banca-della-Calce-223667067649398\/","article_modified_time":"2024-04-06T21:01:06+00:00","og_image":[{"width":1440,"height":675,"url":"https:\/\/www.bancadellacalce.it\/bdc\/wp-content\/uploads\/2015\/12\/patc.jpg","type":"image\/jpeg"}],"twitter_card":"summary_large_image","twitter_misc":{"Tempo di lettura stimato":"6 minuti"},"schema":{"@context":"https:\/\/schema.org","@graph":[{"@type":"WebPage","@id":"https:\/\/www.bancadellacalce.it\/bdc\/tadelakt\/faq-tadelakt\/","url":"https:\/\/www.bancadellacalce.it\/bdc\/tadelakt\/faq-tadelakt\/","name":"Tadelakt costo - FAQ - Tadelakt Originale - La Banca della Calce","isPartOf":{"@id":"https:\/\/www.bancadellacalce.it\/bdc\/#website"},"primaryImageOfPage":{"@id":"https:\/\/www.bancadellacalce.it\/bdc\/tadelakt\/faq-tadelakt\/#primaryimage"},"image":{"@id":"https:\/\/www.bancadellacalce.it\/bdc\/tadelakt\/faq-tadelakt\/#primaryimage"},"thumbnailUrl":"https:\/\/www.bancadellacalce.it\/bdc\/wp-content\/uploads\/2015\/12\/patc.jpg","datePublished":"2016-03-18T13:30:20+00:00","dateModified":"2024-04-06T21:01:06+00:00","description":"Quanto costa un bagno in Tadelakt ? Qual'\u00e8 il costo al mq ? Come si realizza il Tadelakt? Come di fa a rendere impermeabile il Tadelakt? Listino prezzi","breadcrumb":{"@id":"https:\/\/www.bancadellacalce.it\/bdc\/tadelakt\/faq-tadelakt\/#breadcrumb"},"inLanguage":"it-IT","potentialAction":[{"@type":"ReadAction","target":["https:\/\/www.bancadellacalce.it\/bdc\/tadelakt\/faq-tadelakt\/"]}]},{"@type":"ImageObject","inLanguage":"it-IT","@id":"https:\/\/www.bancadellacalce.it\/bdc\/tadelakt\/faq-tadelakt\/#primaryimage","url":"https:\/\/www.bancadellacalce.it\/bdc\/wp-content\/uploads\/2015\/12\/patc.jpg","contentUrl":"https:\/\/www.bancadellacalce.it\/bdc\/wp-content\/uploads\/2015\/12\/patc.jpg","width":1440,"height":675},{"@type":"BreadcrumbList","@id":"https:\/\/www.bancadellacalce.it\/bdc\/tadelakt\/faq-tadelakt\/#breadcrumb","itemListElement":[{"@type":"ListItem","position":1,"name":"Home","item":"https:\/\/www.bancadellacalce.it\/bdc\/"},{"@type":"ListItem","position":2,"name":"TADELAKT","item":"https:\/\/www.bancadellacalce.it\/bdc\/tadelakt\/"},{"@type":"ListItem","position":3,"name":"FAQ TADELAKT"}]},{"@type":"WebSite","@id":"https:\/\/www.bancadellacalce.it\/bdc\/#website","url":"https:\/\/www.bancadellacalce.it\/bdc\/","name":"La banca della calce","description":"Costruire per natura","publisher":{"@id":"https:\/\/www.bancadellacalce.it\/bdc\/#organization"},"potentialAction":[{"@type":"SearchAction","target":{"@type":"EntryPoint","urlTemplate":"https:\/\/www.bancadellacalce.it\/bdc\/?s={search_term_string}"},"query-input":{"@type":"PropertyValueSpecification","valueRequired":true,"valueName":"search_term_string"}}],"inLanguage":"it-IT"},{"@type":"Organization","@id":"https:\/\/www.bancadellacalce.it\/bdc\/#organization","name":"La Banca della Calce","url":"https:\/\/www.bancadellacalce.it\/bdc\/","logo":{"@type":"ImageObject","inLanguage":"it-IT","@id":"https:\/\/www.bancadellacalce.it\/bdc\/#\/schema\/logo\/image\/","url":"https:\/\/www.bancadellacalce.it\/bdc\/wp-content\/uploads\/2016\/01\/logo-labancadellacalce.png","contentUrl":"https:\/\/www.bancadellacalce.it\/bdc\/wp-content\/uploads\/2016\/01\/logo-labancadellacalce.png","width":729,"height":125,"caption":"La Banca della Calce"},"image":{"@id":"https:\/\/www.bancadellacalce.it\/bdc\/#\/schema\/logo\/image\/"},"sameAs":["https:\/\/www.facebook.com\/La-Banca-della-Calce-223667067649398\/","https:\/\/www.instagram.com\/labancadellacalce\/","https:\/\/www.linkedin.com\/company\/19183447"]}]}},"_links":{"self":[{"href":"https:\/\/www.bancadellacalce.it\/bdc\/wp-json\/wp\/v2\/pages\/8230","targetHints":{"allow":["GET"]}}],"collection":[{"href":"https:\/\/www.bancadellacalce.it\/bdc\/wp-json\/wp\/v2\/pages"}],"about":[{"href":"https:\/\/www.bancadellacalce.it\/bdc\/wp-json\/wp\/v2\/types\/page"}],"author":[{"embeddable":true,"href":"https:\/\/www.bancadellacalce.it\/bdc\/wp-json\/wp\/v2\/users\/5"}],"replies":[{"embeddable":true,"href":"https:\/\/www.bancadellacalce.it\/bdc\/wp-json\/wp\/v2\/comments?post=8230"}],"version-history":[{"count":6,"href":"https:\/\/www.bancadellacalce.it\/bdc\/wp-json\/wp\/v2\/pages\/8230\/revisions"}],"predecessor-version":[{"id":67111,"href":"https:\/\/www.bancadellacalce.it\/bdc\/wp-json\/wp\/v2\/pages\/8230\/revisions\/67111"}],"up":[{"embeddable":true,"href":"https:\/\/www.bancadellacalce.it\/bdc\/wp-json\/wp\/v2\/pages\/4557"}],"wp:featuredmedia":[{"embeddable":true,"href":"https:\/\/www.bancadellacalce.it\/bdc\/wp-json\/wp\/v2\/media\/9489"}],"wp:attachment":[{"href":"https:\/\/www.bancadellacalce.it\/bdc\/wp-json\/wp\/v2\/media?parent=8230"}],"curies":[{"name":"wp","href":"https:\/\/api.w.org\/{rel}","templated":true}]}}