{"id":58944,"date":"2023-01-14T11:09:25","date_gmt":"2023-01-14T10:09:25","guid":{"rendered":"https:\/\/www.bancadellacalce.it\/bdc\/?page_id=58944"},"modified":"2024-12-10T13:09:38","modified_gmt":"2024-12-10T12:09:38","slug":"crema-di-calce","status":"publish","type":"page","link":"https:\/\/www.bancadellacalce.it\/bdc\/crema-di-calce\/","title":{"rendered":"CREMA DI CALCE CANDOR"},"content":{"rendered":"<section class=\"wpb-content-wrapper\">[vc_row full_width=&#8221;stretch_row_content&#8221;][vc_column][vc_empty_space height=&#8221;100&#8243;][vc_column_text]\n<h1 style=\"text-align: center;\"><span style=\"color: #374f91;\">CREMA DI CALCE CANDOR<\/span><\/h1>\n[\/vc_column_text][vc_empty_space height=&#8221;20&#8243;]<div class=\"vcex-module wpex-carousel wpex-carousel-images clr owl-carousel\" data-wpex-carousel=\"{&quot;nav&quot;:false,&quot;dots&quot;:true,&quot;autoplay&quot;:true,&quot;loop&quot;:true,&quot;center&quot;:false,&quot;smartSpeed&quot;:2000,&quot;items&quot;:2,&quot;slideBy&quot;:1,&quot;autoplayTimeout&quot;:5000,&quot;margin&quot;:15,&quot;itemsTablet&quot;:1,&quot;itemsMobileLandscape&quot;:1,&quot;itemsMobilePortrait&quot;:1,&quot;autoWidth&quot;:false,&quot;autoHeight&quot;:false}\"><div class=\"wpex-carousel-slide\"><figure class=\"wpex-carousel-entry-media clr\"><img loading=\"lazy\" decoding=\"async\" data-no-lazy=\"1\" class=\"skip-lazy\" alt=\"Grassello Di Calce Invecchiato\" src=\"https:\/\/www.bancadellacalce.it\/bdc\/wp-content\/uploads\/2016\/04\/calcequalita_bancadellacalce_24.jpg\" data-no-retina width=\"1440\" height=\"675\" \/><\/figure><\/div><div class=\"wpex-carousel-slide\"><figure class=\"wpex-carousel-entry-media clr\"><img loading=\"lazy\" decoding=\"async\" data-no-lazy=\"1\" class=\"skip-lazy\" alt=\"Grassello Di Calce Di Banca Della Calce\" src=\"https:\/\/www.bancadellacalce.it\/bdc\/wp-content\/uploads\/2017\/05\/grassello-di-calce-banca-della-calce.jpg\" data-no-retina width=\"1440\" height=\"675\" \/><\/figure><\/div><div class=\"wpex-carousel-slide\"><figure class=\"wpex-carousel-entry-media clr\"><img loading=\"lazy\" decoding=\"async\" data-no-lazy=\"1\" class=\"skip-lazy\" alt=\"Grassello Di Calce - La Banca Della Calce Srl\" src=\"https:\/\/www.bancadellacalce.it\/bdc\/wp-content\/uploads\/2016\/05\/IMG_4645.jpg\" data-no-retina width=\"1440\" height=\"675\" \/><\/figure><\/div><div class=\"wpex-carousel-slide\"><figure class=\"wpex-carousel-entry-media clr\"><img loading=\"lazy\" decoding=\"async\" data-no-lazy=\"1\" class=\"skip-lazy\" alt=\"Vasche Spegnimento Del Grassello Di Calce\" src=\"https:\/\/www.bancadellacalce.it\/bdc\/wp-content\/uploads\/2017\/05\/vasche-spegnimento-grassello-di-calce-banca-della-calce.jpg\" data-no-retina width=\"1440\" height=\"675\" \/><\/figure><\/div><\/div>[vc_empty_space height=&#8221;20&#8243;][\/vc_column][\/vc_row][vc_row column_spacing=&#8221;5&#8243;][vc_column width=&#8221;1\/2&#8243;][vc_column_text css=&#8221;.vc_custom_1733832506829{padding-right: 30px !important;}&#8221;]\n<h2>CREMA DI CALCE CANDOR<\/h2>\n<p class=\"p1\">La <strong>Crema di Calce Candor<\/strong> \u00e8 uno esclusivo tipo di grassello raffinato. \u00c8 ottenuto da &#8216;cottura dolce&#8217; di calcari puri, dove solo le zolle pi\u00f9 bianche, scelte manualmente da operatori esperti, sono idratate e trasferite in vasche di stagionatura. Dopo l&#8217;invecchiamento di 6 mesi, il prodotto viene raffinato con doppio passaggio in raffinatrice a rulli meccanici, e quindi confezionato, in forma di crema. Tali procedure garantiscono una calce di alta qualit\u00e0, eccezionalmente fine e bianca, ideale per la formulazione di finiture a calce di pregio quali intonachini, marmorini, stucchi e pitture.<\/p>\n<h2><span style=\"color: #374f91;\">Perch\u00e9 scegliere la Crema di Calce Candor?<\/span><\/h2>\n<ul>\n<li>Colore e finezza assoluti<\/li>\n<li>Elevata plasticit\u00e0<\/li>\n<li>Ideale per finiture e tinte a calce<\/li>\n<\/ul>\n<h2><span style=\"color: #374f91;\">Caratteristiche<\/span><\/h2>\n<ul>\n<li>CaO+MgO\u00a0\u2248 97-99 %<\/li>\n<li>MgO\u00a0&lt; 0,1\u00a0%<\/li>\n<li>Finezza &lt; 200 micron<\/li>\n<\/ul>\n[\/vc_column_text][\/vc_column][vc_column width=&#8221;1\/2&#8243;]<div class=\"vcex-spacing\" style=\"height:30px\"><\/div>[vc_single_image image=&#8221;24750&#8243; img_size=&#8221;800&#215;800&#8243;]<div class=\"vcex-spacing\" style=\"height:30px\"><\/div>[vc_btn title=&#8221;SCARICA LA SCHEDA TECNICA&#8221; style=&#8221;custom&#8221; custom_background=&#8221;#374f91&#8243; custom_text=&#8221;#ffffff&#8221; size=&#8221;lg&#8221; align=&#8221;center&#8221; css_animation=&#8221;zoomIn&#8221; button_block=&#8221;true&#8221; link=&#8221;url:https%3A%2F%2Fwww.bancadellacalce.it%2Fbdc%2Fwp-content%2Fuploads%2F2023%2F02%2Fscheda_tecnica_crema-di-calce.pdf|target:_blank&#8221;][\/vc_column][\/vc_row][vc_row css=&#8221;.vc_custom_1658779751588{background-color: #f4f4f4 !important;}&#8221;][vc_column]<div class=\"vcex-spacing\" style=\"height:30px\"><\/div>[\/vc_column][\/vc_row][vc_row full_width=&#8221;stretch_row&#8221; css=&#8221;.vc_custom_1660458199076{background-color: #ffffff !important;}&#8221;][vc_column][vc_empty_space][vc_column_text]\n<h2 style=\"text-align: center;\"><span style=\"color: #000000;\">ALTRI PRODOTTI CALCEQUALIT\u00c0<\/span><\/h2>\n[\/vc_column_text][vc_empty_space][vc_basic_grid post_type=&#8221;portfolio&#8221; max_items=&#8221;3&#8243; gap=&#8221;5&#8243; orderby=&#8221;rand&#8221; order=&#8221;ASC&#8221; item=&#8221;6875&#8243; grid_id=&#8221;vc_gid:1733832052541-47b5060b-8253-5&#8243; taxonomies=&#8221;105&#8243;][vc_empty_space][vc_btn title=&#8221;RICHIEDI IN TUO PREVENTIVO&#8221; style=&#8221;custom&#8221; custom_background=&#8221;#374f91&#8243; custom_text=&#8221;#ffffff&#8221; align=&#8221;center&#8221; css_animation=&#8221;zoomIn&#8221; button_block=&#8221;true&#8221; link=&#8221;url:http%3A%2F%2Fwww.bancadellacalce.it%2Fbdc%2Fcalcequalita%2Fcontatti%2F|target:_blank&#8221;][\/vc_column][\/vc_row][vc_column][\/vc_column]\n<\/section>","protected":false},"excerpt":{"rendered":"<p>Il nostro grassello di calce \u00e8 prodotto secondo metodi tradizionali, ha una garanzia di invecchiamento ed ecosostenibilit\u00e0.<\/p>\n","protected":false},"author":5,"featured_media":24750,"parent":0,"menu_order":0,"comment_status":"closed","ping_status":"closed","template":"","meta":{"_joinchat":[],"footnotes":""},"class_list":["post-58944","page","type-page","status-publish","has-post-thumbnail","hentry","entry","has-media"],"yoast_head":"<!-- This site is optimized with the Yoast SEO plugin v27.5 - https:\/\/yoast.com\/product\/yoast-seo-wordpress\/ -->\n<title>Crema di Calce Candor | BANCA della CALCE<\/title>\n<meta name=\"description\" content=\"La Crema di Calce Candor \u00e8 uno speciale tipo di grassello, ottenuto da cottura e spegnimento in eccesso d\u2019acqua di calce viva in zolle prodotta per \u201ccottura dolce\u201d.\" \/>\n<meta name=\"robots\" content=\"index, follow, max-snippet:-1, max-image-preview:large, max-video-preview:-1\" \/>\n<link rel=\"canonical\" href=\"https:\/\/www.bancadellacalce.it\/bdc\/crema-di-calce\/\" \/>\n<meta property=\"og:locale\" content=\"it_IT\" \/>\n<meta property=\"og:type\" content=\"article\" \/>\n<meta property=\"og:title\" content=\"Crema di Calce\" \/>\n<meta property=\"og:description\" content=\"La Crema di Calce Candor \u00e8 uno speciale tipo di grassello, ottenuto da cottura e spegnimento in eccesso d\u2019acqua di calce viva in zolle prodotta per \u201ccottura dolce\u201d.\" \/>\n<meta property=\"og:url\" content=\"https:\/\/www.bancadellacalce.it\/bdc\/crema-di-calce\/\" \/>\n<meta property=\"og:site_name\" content=\"La banca della calce\" \/>\n<meta property=\"article:publisher\" content=\"https:\/\/www.facebook.com\/La-Banca-della-Calce-223667067649398\/\" \/>\n<meta property=\"article:modified_time\" content=\"2024-12-10T12:09:38+00:00\" \/>\n<meta property=\"og:image\" content=\"https:\/\/www.bancadellacalce.it\/bdc\/wp-content\/uploads\/2016\/05\/075_grassello.jpg\" \/>\n\t<meta property=\"og:image:width\" content=\"1440\" \/>\n\t<meta property=\"og:image:height\" content=\"675\" \/>\n\t<meta property=\"og:image:type\" content=\"image\/jpeg\" \/>\n<meta name=\"twitter:card\" content=\"summary_large_image\" \/>\n<meta name=\"twitter:label1\" content=\"Tempo di lettura stimato\" \/>\n\t<meta name=\"twitter:data1\" content=\"2 minuti\" \/>\n<script type=\"application\/ld+json\" class=\"yoast-schema-graph\">{\"@context\":\"https:\\\/\\\/schema.org\",\"@graph\":[{\"@type\":\"WebPage\",\"@id\":\"https:\\\/\\\/www.bancadellacalce.it\\\/bdc\\\/crema-di-calce\\\/\",\"url\":\"https:\\\/\\\/www.bancadellacalce.it\\\/bdc\\\/crema-di-calce\\\/\",\"name\":\"Crema di Calce Candor | BANCA della CALCE\",\"isPartOf\":{\"@id\":\"https:\\\/\\\/www.bancadellacalce.it\\\/bdc\\\/#website\"},\"primaryImageOfPage\":{\"@id\":\"https:\\\/\\\/www.bancadellacalce.it\\\/bdc\\\/crema-di-calce\\\/#primaryimage\"},\"image\":{\"@id\":\"https:\\\/\\\/www.bancadellacalce.it\\\/bdc\\\/crema-di-calce\\\/#primaryimage\"},\"thumbnailUrl\":\"https:\\\/\\\/www.bancadellacalce.it\\\/bdc\\\/wp-content\\\/uploads\\\/2016\\\/05\\\/075_grassello.jpg\",\"datePublished\":\"2023-01-14T10:09:25+00:00\",\"dateModified\":\"2024-12-10T12:09:38+00:00\",\"description\":\"La Crema di Calce Candor \u00e8 uno speciale tipo di grassello, ottenuto da cottura e spegnimento in eccesso d\u2019acqua di calce viva in zolle prodotta per \u201ccottura dolce\u201d.\",\"breadcrumb\":{\"@id\":\"https:\\\/\\\/www.bancadellacalce.it\\\/bdc\\\/crema-di-calce\\\/#breadcrumb\"},\"inLanguage\":\"it-IT\",\"potentialAction\":[{\"@type\":\"ReadAction\",\"target\":[\"https:\\\/\\\/www.bancadellacalce.it\\\/bdc\\\/crema-di-calce\\\/\"]}]},{\"@type\":\"ImageObject\",\"inLanguage\":\"it-IT\",\"@id\":\"https:\\\/\\\/www.bancadellacalce.it\\\/bdc\\\/crema-di-calce\\\/#primaryimage\",\"url\":\"https:\\\/\\\/www.bancadellacalce.it\\\/bdc\\\/wp-content\\\/uploads\\\/2016\\\/05\\\/075_grassello.jpg\",\"contentUrl\":\"https:\\\/\\\/www.bancadellacalce.it\\\/bdc\\\/wp-content\\\/uploads\\\/2016\\\/05\\\/075_grassello.jpg\",\"width\":1440,\"height\":675,\"caption\":\"Calcequalita\"},{\"@type\":\"BreadcrumbList\",\"@id\":\"https:\\\/\\\/www.bancadellacalce.it\\\/bdc\\\/crema-di-calce\\\/#breadcrumb\",\"itemListElement\":[{\"@type\":\"ListItem\",\"position\":1,\"name\":\"Home\",\"item\":\"https:\\\/\\\/www.bancadellacalce.it\\\/bdc\\\/\"},{\"@type\":\"ListItem\",\"position\":2,\"name\":\"CREMA DI CALCE CANDOR\"}]},{\"@type\":\"WebSite\",\"@id\":\"https:\\\/\\\/www.bancadellacalce.it\\\/bdc\\\/#website\",\"url\":\"https:\\\/\\\/www.bancadellacalce.it\\\/bdc\\\/\",\"name\":\"La banca della calce\",\"description\":\"Costruire per natura\",\"publisher\":{\"@id\":\"https:\\\/\\\/www.bancadellacalce.it\\\/bdc\\\/#organization\"},\"potentialAction\":[{\"@type\":\"SearchAction\",\"target\":{\"@type\":\"EntryPoint\",\"urlTemplate\":\"https:\\\/\\\/www.bancadellacalce.it\\\/bdc\\\/?s={search_term_string}\"},\"query-input\":{\"@type\":\"PropertyValueSpecification\",\"valueRequired\":true,\"valueName\":\"search_term_string\"}}],\"inLanguage\":\"it-IT\"},{\"@type\":\"Organization\",\"@id\":\"https:\\\/\\\/www.bancadellacalce.it\\\/bdc\\\/#organization\",\"name\":\"La Banca della Calce\",\"url\":\"https:\\\/\\\/www.bancadellacalce.it\\\/bdc\\\/\",\"logo\":{\"@type\":\"ImageObject\",\"inLanguage\":\"it-IT\",\"@id\":\"https:\\\/\\\/www.bancadellacalce.it\\\/bdc\\\/#\\\/schema\\\/logo\\\/image\\\/\",\"url\":\"https:\\\/\\\/www.bancadellacalce.it\\\/bdc\\\/wp-content\\\/uploads\\\/2016\\\/01\\\/logo-labancadellacalce.png\",\"contentUrl\":\"https:\\\/\\\/www.bancadellacalce.it\\\/bdc\\\/wp-content\\\/uploads\\\/2016\\\/01\\\/logo-labancadellacalce.png\",\"width\":729,\"height\":125,\"caption\":\"La Banca della Calce\"},\"image\":{\"@id\":\"https:\\\/\\\/www.bancadellacalce.it\\\/bdc\\\/#\\\/schema\\\/logo\\\/image\\\/\"},\"sameAs\":[\"https:\\\/\\\/www.facebook.com\\\/La-Banca-della-Calce-223667067649398\\\/\",\"https:\\\/\\\/www.instagram.com\\\/labancadellacalce\\\/\",\"https:\\\/\\\/www.linkedin.com\\\/company\\\/19183447\"]}]}<\/script>\n<!-- \/ Yoast SEO plugin. -->","yoast_head_json":{"title":"Crema di Calce Candor | BANCA della CALCE","description":"La Crema di Calce Candor \u00e8 uno speciale tipo di grassello, ottenuto da cottura e spegnimento in eccesso d\u2019acqua di calce viva in zolle prodotta per \u201ccottura dolce\u201d.","robots":{"index":"index","follow":"follow","max-snippet":"max-snippet:-1","max-image-preview":"max-image-preview:large","max-video-preview":"max-video-preview:-1"},"canonical":"https:\/\/www.bancadellacalce.it\/bdc\/crema-di-calce\/","og_locale":"it_IT","og_type":"article","og_title":"Crema di Calce","og_description":"La Crema di Calce Candor \u00e8 uno speciale tipo di grassello, ottenuto da cottura e spegnimento in eccesso d\u2019acqua di calce viva in zolle prodotta per \u201ccottura dolce\u201d.","og_url":"https:\/\/www.bancadellacalce.it\/bdc\/crema-di-calce\/","og_site_name":"La banca della calce","article_publisher":"https:\/\/www.facebook.com\/La-Banca-della-Calce-223667067649398\/","article_modified_time":"2024-12-10T12:09:38+00:00","og_image":[{"width":1440,"height":675,"url":"https:\/\/www.bancadellacalce.it\/bdc\/wp-content\/uploads\/2016\/05\/075_grassello.jpg","type":"image\/jpeg"}],"twitter_card":"summary_large_image","twitter_misc":{"Tempo di lettura stimato":"2 minuti"},"schema":{"@context":"https:\/\/schema.org","@graph":[{"@type":"WebPage","@id":"https:\/\/www.bancadellacalce.it\/bdc\/crema-di-calce\/","url":"https:\/\/www.bancadellacalce.it\/bdc\/crema-di-calce\/","name":"Crema di Calce Candor | BANCA della CALCE","isPartOf":{"@id":"https:\/\/www.bancadellacalce.it\/bdc\/#website"},"primaryImageOfPage":{"@id":"https:\/\/www.bancadellacalce.it\/bdc\/crema-di-calce\/#primaryimage"},"image":{"@id":"https:\/\/www.bancadellacalce.it\/bdc\/crema-di-calce\/#primaryimage"},"thumbnailUrl":"https:\/\/www.bancadellacalce.it\/bdc\/wp-content\/uploads\/2016\/05\/075_grassello.jpg","datePublished":"2023-01-14T10:09:25+00:00","dateModified":"2024-12-10T12:09:38+00:00","description":"La Crema di Calce Candor \u00e8 uno speciale tipo di grassello, ottenuto da cottura e spegnimento in eccesso d\u2019acqua di calce viva in zolle prodotta per \u201ccottura dolce\u201d.","breadcrumb":{"@id":"https:\/\/www.bancadellacalce.it\/bdc\/crema-di-calce\/#breadcrumb"},"inLanguage":"it-IT","potentialAction":[{"@type":"ReadAction","target":["https:\/\/www.bancadellacalce.it\/bdc\/crema-di-calce\/"]}]},{"@type":"ImageObject","inLanguage":"it-IT","@id":"https:\/\/www.bancadellacalce.it\/bdc\/crema-di-calce\/#primaryimage","url":"https:\/\/www.bancadellacalce.it\/bdc\/wp-content\/uploads\/2016\/05\/075_grassello.jpg","contentUrl":"https:\/\/www.bancadellacalce.it\/bdc\/wp-content\/uploads\/2016\/05\/075_grassello.jpg","width":1440,"height":675,"caption":"Calcequalita"},{"@type":"BreadcrumbList","@id":"https:\/\/www.bancadellacalce.it\/bdc\/crema-di-calce\/#breadcrumb","itemListElement":[{"@type":"ListItem","position":1,"name":"Home","item":"https:\/\/www.bancadellacalce.it\/bdc\/"},{"@type":"ListItem","position":2,"name":"CREMA DI CALCE CANDOR"}]},{"@type":"WebSite","@id":"https:\/\/www.bancadellacalce.it\/bdc\/#website","url":"https:\/\/www.bancadellacalce.it\/bdc\/","name":"La banca della calce","description":"Costruire per natura","publisher":{"@id":"https:\/\/www.bancadellacalce.it\/bdc\/#organization"},"potentialAction":[{"@type":"SearchAction","target":{"@type":"EntryPoint","urlTemplate":"https:\/\/www.bancadellacalce.it\/bdc\/?s={search_term_string}"},"query-input":{"@type":"PropertyValueSpecification","valueRequired":true,"valueName":"search_term_string"}}],"inLanguage":"it-IT"},{"@type":"Organization","@id":"https:\/\/www.bancadellacalce.it\/bdc\/#organization","name":"La Banca della Calce","url":"https:\/\/www.bancadellacalce.it\/bdc\/","logo":{"@type":"ImageObject","inLanguage":"it-IT","@id":"https:\/\/www.bancadellacalce.it\/bdc\/#\/schema\/logo\/image\/","url":"https:\/\/www.bancadellacalce.it\/bdc\/wp-content\/uploads\/2016\/01\/logo-labancadellacalce.png","contentUrl":"https:\/\/www.bancadellacalce.it\/bdc\/wp-content\/uploads\/2016\/01\/logo-labancadellacalce.png","width":729,"height":125,"caption":"La Banca della Calce"},"image":{"@id":"https:\/\/www.bancadellacalce.it\/bdc\/#\/schema\/logo\/image\/"},"sameAs":["https:\/\/www.facebook.com\/La-Banca-della-Calce-223667067649398\/","https:\/\/www.instagram.com\/labancadellacalce\/","https:\/\/www.linkedin.com\/company\/19183447"]}]}},"_links":{"self":[{"href":"https:\/\/www.bancadellacalce.it\/bdc\/wp-json\/wp\/v2\/pages\/58944","targetHints":{"allow":["GET"]}}],"collection":[{"href":"https:\/\/www.bancadellacalce.it\/bdc\/wp-json\/wp\/v2\/pages"}],"about":[{"href":"https:\/\/www.bancadellacalce.it\/bdc\/wp-json\/wp\/v2\/types\/page"}],"author":[{"embeddable":true,"href":"https:\/\/www.bancadellacalce.it\/bdc\/wp-json\/wp\/v2\/users\/5"}],"replies":[{"embeddable":true,"href":"https:\/\/www.bancadellacalce.it\/bdc\/wp-json\/wp\/v2\/comments?post=58944"}],"version-history":[{"count":19,"href":"https:\/\/www.bancadellacalce.it\/bdc\/wp-json\/wp\/v2\/pages\/58944\/revisions"}],"predecessor-version":[{"id":75110,"href":"https:\/\/www.bancadellacalce.it\/bdc\/wp-json\/wp\/v2\/pages\/58944\/revisions\/75110"}],"wp:featuredmedia":[{"embeddable":true,"href":"https:\/\/www.bancadellacalce.it\/bdc\/wp-json\/wp\/v2\/media\/24750"}],"wp:attachment":[{"href":"https:\/\/www.bancadellacalce.it\/bdc\/wp-json\/wp\/v2\/media?parent=58944"}],"curies":[{"name":"wp","href":"https:\/\/api.w.org\/{rel}","templated":true}]}}