{"id":36245,"date":"2021-02-25T11:50:46","date_gmt":"2021-02-25T10:50:46","guid":{"rendered":"https:\/\/www.bancadellacalce.it\/bdc\/?page_id=36245"},"modified":"2021-04-08T17:28:22","modified_gmt":"2021-04-08T15:28:22","slug":"calce-qualita","status":"publish","type":"page","link":"https:\/\/www.bancadellacalce.it\/bdc\/calce-qualita\/","title":{"rendered":"CalceQualit\u00e0"},"content":{"rendered":"<section class=\"wpb-content-wrapper\">[vc_row full_width=&#8221;stretch_row_content_no_spaces&#8221; content_placement=&#8221;middle&#8221; column_spacing=&#8221;0px&#8221; remove_bottom_col_margin=&#8221;true&#8221; css=&#8221;.vc_custom_1614338490628{background-color: #ffffff !important;background-position: center !important;background-repeat: no-repeat !important;background-size: contain !important;}&#8221;][vc_column css=&#8221;.vc_custom_1614256509051{background-image: url(https:\/\/www.bancadellacalce.it\/bdc\/wp-content\/uploads\/2018\/07\/pastellone_banca_della_calce.jpg?id=30250) !important;background-position: center !important;background-repeat: no-repeat !important;background-size: cover !important;}&#8221;][vc_empty_space height=&#8221;60px&#8221;][vc_column_text el_class=&#8221;interlineasintesi&#8221; color=&#8221;#ffffff&#8221;]\n<h1 style=\"text-align: center;\"><span style=\"font-family: Montserrat; color: white;\">Calcequalit\u00e0:<br \/>\nLa Calce Qualificata per il restauro e la bioedilizia<\/span><\/h1>\n[\/vc_column_text][vc_empty_space height=&#8221;60px&#8221;][vc_btn title=&#8221;CONTATTACI PER UNA CONSULENZA SPECIALIZZATA GRATUITA&#8221; style=&#8221;custom&#8221; custom_background=&#8221;#736458&#8243; custom_text=&#8221;#ffffff&#8221; shape=&#8221;square&#8221; size=&#8221;lg&#8221; align=&#8221;center&#8221; link=&#8221;url:https%3A%2F%2Fwww.bancadellacalce.it%2Fbdc%2Fcalce-qualita%2F%23modulo-contatti-calcequalita|||&#8221;][vc_empty_space height=&#8221;60px&#8221;][\/vc_column][\/vc_row][vc_row full_width=&#8221;stretch_row&#8221; css=&#8221;.vc_custom_1614338499334{background-color: #ffffff !important;}&#8221;][vc_column][vc_column_text el_class=&#8221;interlineasintesi&#8221;]\n<h2 style=\"text-align: center;\"><span style=\"font-family: Montserrat;\">Calce per restauro architettonico ed edilizia sostenibile<\/span><\/h2>\n[\/vc_column_text][vc_empty_space][vc_column_text]\n<p style=\"text-align: center;\"><span style=\"font-size: 14px; font-family: 'Open Sans';\">La Banca della Calce offre al mercato del restauro architettonico e dell&#8217;edilizia sostenibile solo calce qualificata.<\/span><\/p>\n<p style=\"text-align: center;\"><span style=\"font-size: 14px; font-family: 'Open Sans';\">Una calce garantita da disciplinari di produzione, certificazioni d&#8217;origine uniche al mondo ed etichettature dettagliate.<\/span><\/p>\n[\/vc_column_text][\/vc_column][\/vc_row][vc_row full_width=&#8221;stretch_row&#8221; css=&#8221;.vc_custom_1614338508261{margin-bottom: -5em !important;}&#8221;][vc_column][vc_column_text el_class=&#8221;interlineasintesi&#8221;]\n<h2 style=\"text-align: center;\"><span style=\"font-family: Montserrat;\">Banca della Calce ti offre un consulenza specializzata gratuita su Restauro del Patrimonio e Edilizia Sostenibile.<\/span><\/h2>\n[\/vc_column_text][vc_empty_space][vc_row_inner][vc_column_inner width=&#8221;1\/2&#8243;][vc_single_image image=&#8221;27261&#8243; style=&#8221;vc_box_outline&#8221;][vc_column_text]\n<h3 style=\"text-align: center;\">Restauro del Patrimonio<\/h3>\n<p style=\"text-align: center;\">Offriamo la giusta calce e corretta formazione in cantiere a restauratori e artigiani per realizzare interventi su beni storici, artistici e architettonici.<\/p>\n[\/vc_column_text][\/vc_column_inner][vc_column_inner width=&#8221;1\/2&#8243;][vc_single_image image=&#8221;27264&#8243; style=&#8221;vc_box_outline&#8221;][vc_column_text]\n<h3 style=\"text-align: center;\">Edilizia Sostenibile<\/h3>\n<p style=\"text-align: center;\">Forniamo calce, consigli pratici e supporto per la realizzazione di cantieri e lavori edili ecosostenibili.<\/p>\n[\/vc_column_text][\/vc_column_inner][\/vc_row_inner][vc_column_text el_class=&#8221;interlineasintesi&#8221;]\n<p style=\"text-align: center;\">Compila il modulo di contatto, ti ricontatteremo per offrirti una consulenza gratuita.<\/p>\n<p style=\"text-align: center;\"><u>Clicca sul pulsante e compila il modulo!<\/u><\/p>\n[\/vc_column_text][vc_empty_space][vc_btn title=&#8221;CHIEDI LA CONSULENZA&#8221; style=&#8221;custom&#8221; custom_background=&#8221;#736458&#8243; custom_text=&#8221;#ffffff&#8221; shape=&#8221;square&#8221; size=&#8221;lg&#8221; align=&#8221;center&#8221; button_block=&#8221;true&#8221; link=&#8221;url:https%3A%2F%2Fwww.bancadellacalce.it%2Fbdc%2Fcalce-qualita%2F%23modulo-contatti-calcequalita|||&#8221;][vc_empty_space][\/vc_column][\/vc_row][vc_row full_width=&#8221;stretch_row&#8221; css=&#8221;.vc_custom_1614335332228{background-color: #ffffff !important;}&#8221;][vc_column][vc_empty_space][vc_column_text]\n<p style=\"text-align: center; font-size: 22px;\">La nostra calce per <strong>Restauro<\/strong> e <strong>Bioedilizia<\/strong> \u00e8 sempre la migliore scelta per il tuo cantiere.<\/p>\n<p style=\"text-align: left;\">Quali sono le tipologie di calce da utilizzare nel tuo cantiere per restauro e bioedilizia?<\/p>\n<ul>\n<li><strong>CALCE VIVA<\/strong><\/li>\n<\/ul>\n<p>La <strong>Calce Viva<\/strong> fa parte delle malte a basso ritiro e ha le caratteristiche di alta velocit\u00e0 di presa e resistenza al gelo. La <strong>Calce Viva<\/strong> si distingue per effetto del calore generato dalla reazione sugli aggregati e su altri eventuali componenti della miscela.<\/p>\n<p>&nbsp;<\/p>\n<ul>\n<li><strong>GRASELLO DI CALCE<\/strong><\/li>\n<\/ul>\n<p>Ti offriamo quattro gradi di invecchiamento del <strong>grassello di calce<\/strong>: invecchiato 12 mesi, invecchiato 48 mesi, invecchiato 60 mesi e magnesiaco invecchiato 60 mesi. Questo perch\u00e9 il tempo sulla calce determina un miglioramento delle caratteristiche prestazionali come carbonatazione pi\u00f9 veloce, resa maggiore ed elevata plasticit\u00e0. Il <strong>grassello di calce<\/strong> \u00e8 un materiale dalle caratteristiche ecosostenibili e durabilit\u00e0 eccezionale perfetto per restauro e bioedilizia.<\/p>\n<p>&nbsp;<\/p>\n<ul>\n<li><strong>CALCE IDRAULICA NATURALE<\/strong><\/li>\n<\/ul>\n<p>La <strong>calce idraulica naturale<\/strong> \u00e8 disponibile in tre tipologie: NHL 2, NHL 3,5 e NHL 5. La <strong>calce idraulica naturale<\/strong> si contraddistingue per la azione idraulica che permette al materiale di indurire sott&#8217;acqua. Questa calce utilizzata in un intonaco conferir\u00e0 al rivestimento caratteristiche di traspirabilit\u00e0 e aiuter\u00e0 a regolare il tasso di umidit\u00e0 relativa negli ambienti interni. Inoltre, la calce idraulica naturale \u00e8 perfette quando sono richieste prestazioni meccaniche maggiori, per esempio in opere di consolidamento delle murature e nella realizzazione di pavimentazioni.[\/vc_column_text][vc_empty_space][vc_row_inner el_id=&#8221;immagini-calcequalita&#8221;][vc_column_inner width=&#8221;1\/3&#8243;][vc_basic_grid post_type=&#8221;ids&#8221; element_width=&#8221;12&#8243; item=&#8221;6875&#8243; initial_loading_animation=&#8221;none&#8221; grid_id=&#8221;vc_gid:1617895590432-bd613ac2-9e83-10&#8243; include=&#8221;9840&#8243;][\/vc_column_inner][vc_column_inner width=&#8221;1\/3&#8243;][vc_basic_grid post_type=&#8221;ids&#8221; element_width=&#8221;12&#8243; item=&#8221;6875&#8243; initial_loading_animation=&#8221;none&#8221; grid_id=&#8221;vc_gid:1617895590435-9b642f18-08e6-0&#8243; include=&#8221;10981&#8243;][\/vc_column_inner][vc_column_inner width=&#8221;1\/3&#8243;][vc_basic_grid post_type=&#8221;ids&#8221; element_width=&#8221;12&#8243; item=&#8221;6875&#8243; initial_loading_animation=&#8221;none&#8221; grid_id=&#8221;vc_gid:1617895590436-755d68fc-a717-9&#8243; include=&#8221;11629&#8243;][\/vc_column_inner][\/vc_row_inner][\/vc_column][\/vc_row][vc_row css_animation=&#8221;none&#8221; full_width=&#8221;stretch_row&#8221; column_spacing=&#8221;0px&#8221; css=&#8221;.vc_custom_1614605195452{background-color: #736458 !important;}&#8221; el_id=&#8221;immagini-ricette-calcequalita&#8221;][vc_column][vc_column_text css=&#8221;.vc_custom_1614610405166{margin-bottom: 15px !important;}&#8221;]\n<h2 style=\"text-align: center;\"><span style=\"color: #ffffff;\">Quali sono i prodotti che offriamo per il tuo cantiere di restauro e bioedilizia?<\/span><\/h2>\n<p style=\"text-align: center;\"><span style=\"color: #ffffff; font-size: 18px;\"><span style=\"font-family: 'Open Sans';\">Ecco alcuni esempi. Contattaci per avere una consulenza gratuita su come utilizzarli per il tuo cantiere!<\/span><\/span><\/p>\n[\/vc_column_text][vc_basic_grid post_type=&#8221;portfolio&#8221; max_items=&#8221;20&#8243; element_width=&#8221;3&#8243; orderby=&#8221;title&#8221; order=&#8221;ASC&#8221; item=&#8221;9564&#8243; initial_loading_animation=&#8221;none&#8221; grid_id=&#8221;vc_gid:1617895590437-df3b282c-b4ad-6&#8243; taxonomies=&#8221;115&#8243; el_id=&#8221;prodotti-calcequalita&#8221;][vc_empty_space][vc_btn title=&#8221;CONTATTACI ORA PER UNA CONSULENZA GRATUITA&#8221; style=&#8221;flat&#8221; shape=&#8221;square&#8221; color=&#8221;white&#8221; align=&#8221;center&#8221; css_animation=&#8221;none&#8221; button_block=&#8221;true&#8221; link=&#8221;url:https%3A%2F%2Fwww.bancadellacalce.it%2Fbdc%2Fcalce-qualita%2F%23modulo-contatti-calcequalita|||&#8221; el_class=&#8221;pulsantegobianco&#8221;][vc_empty_space][\/vc_column][\/vc_row][vc_row][vc_column][vc_column_text css=&#8221;.vc_custom_1614340036606{margin-bottom: 15px !important;}&#8221;]\n<h2 style=\"text-align: center;\">COSA TI OFFRIAMO:<\/h2>\n<ul>\n<li>CALCE CERTIFICATA<\/li>\n<\/ul>\n<p>Il nostro <strong>Grassello di Calce<\/strong> invecchiato \u00e8 l\u2019unico al mondo accompagnato da un certificato di invecchiamento, rilasciato a lotti stagionati per 12, 24 o 48 mesi secondo un severo disciplinare. Il certificato di invecchiamento \u00e8 uno strumento di lavoro per i progettisti che ricercano l\u2019eccellenza nella bioedilizia, per i restauratori che pretendono la compatibilit\u00e0 con i materiali antichi.<\/p>\n<ul>\n<li>CALCE TRACCIATA<\/li>\n<\/ul>\n<p>Con la nostra <strong>Calce Idraulica Naturale<\/strong> si pu\u00f2 ricostruire la sua storia, in tutte le fasi di produzione. Un vantaggio nelle opere di restauro architettonico, in cui \u00e8 importante utilizzare materiali compatibili, il pi\u00f9 possibile simili a quelli originari.<\/p>\n<ul>\n<li>CALCE ETICHETTATA<\/li>\n<\/ul>\n<p>Le nostre etichette riportano molte pi\u00f9 informazioni di quelle richieste dalla normativa. Ne caso del <strong>Grassello di Calce<\/strong> e <strong>Calce Idraulica Naturale<\/strong>, l\u2019etichettatura rispetta i nostri Disciplinari Tecnici.[\/vc_column_text][vc_single_image image=&#8221;27889&#8243; img_size=&#8221;120&#215;120&#8243; alignment=&#8221;center&#8221;][\/vc_column][\/vc_row][vc_row full_width=&#8221;stretch_row&#8221; css=&#8221;.vc_custom_1614343337731{background-color: #ffffff !important;}&#8221; el_id=&#8221;modulo-contatti-calcequalita&#8221;][vc_column][vc_empty_space height=&#8221;20px&#8221;][vc_column_text el_class=&#8221;interlineasintesi&#8221;]\n<h2 style=\"text-align: center;\"><span style=\"font-family: Montserrat;\">Compila il modulo in tutti i suoi campi, ti ricontatteremo per offrirti la nostra consulenza, specializzata e gratuita, per i tuoi cantieri di restauro e bioedilizia.<\/span><\/h2>\n[\/vc_column_text][vc_empty_space height=&#8221;20px&#8221;]<p class=\"wpcf7-contact-form-not-found\"><strong>Errore:<\/strong> Modulo di contatto non trovato.<\/p>[\/vc_column][\/vc_row][vc_row full_width=&#8221;stretch_row&#8221; css=&#8221;.vc_custom_1614339464261{background-color: #736458 !important;}&#8221;][vc_column][vc_empty_space height=&#8221;20px&#8221;][vc_column_text el_class=&#8221;headingsfondo&#8221;]\n<h2 style=\"text-align: center;\"><span style=\"font-family: Montserrat; color: #ffffff;\">CONSULENZA<\/span><\/h2>\n<p style=\"text-align: center;\"><span style=\"color: #ffffff; font-size: 18px;\"><strong><span style=\"font-family: 'Open Sans';\">Con un approccio nuovo, quello della &#8216;calce su misura&#8217;<\/span><\/strong><\/span><\/p>\n[\/vc_column_text][vc_empty_space height=&#8221;10px&#8221;][vc_btn title=&#8221;CHIEDI LA CONSULENZA SPECIALIZZATA GRATUITA&#8221; style=&#8221;flat&#8221; shape=&#8221;square&#8221; color=&#8221;white&#8221; align=&#8221;center&#8221; css_animation=&#8221;none&#8221; button_block=&#8221;true&#8221; link=&#8221;url:https%3A%2F%2Fwww.bancadellacalce.it%2Fbdc%2Fcalce-qualita%2F%23modulo-contatti-calcequalita|||&#8221; el_class=&#8221;pulsantegobianco&#8221; css=&#8221;.vc_custom_1614344123840{border-top-width: 2px !important;border-right-width: 2px !important;border-bottom-width: 2px !important;border-left-width: 2px !important;border-left-color: #dd9933 !important;border-right-color: #dd9933 !important;border-top-color: #dd9933 !important;border-bottom-color: #dd9933 !important;}&#8221;][\/vc_column][\/vc_row][vc_row full_width=&#8221;stretch_row&#8221; css=&#8221;.vc_custom_1616067688884{border-top-width: 4px !important;border-top-color: #b02217 !important;border-top-style: solid !important;border-radius: 1px !important;}&#8221;][vc_column]<div class=\"vcex-spacing\" style=\"height:20px\"><\/div>[vc_column_text]\n<p style=\"font-weight: bold; text-align: center;\"><span style=\"font-size: 13px;\">La Banca della Calce Srl<\/span><\/p>\n<p>&nbsp;<\/p>\n<p style=\"text-align: center;\"><span style=\"font-size: 13px;\"><span class=\"ticon ticon-phone\" style=\"color:#000;margin-right:5px;\"><\/span> <strong>Chiamaci<\/strong> allo <a href=\"tel:+39 051 4842426\"><u>051 4842426<\/u><\/a><\/span><\/p>\n<p>&nbsp;<\/p>\n<p style=\"text-align: center;\"><span style=\"font-size: 13px;\">Via Francesco Albani 1\/3 &#8211; 40129 Bologna, Italia \u2022 R.E.A. Bologna 482598 \u2022 C.F. \/ P.IVA 02985571203 \u2022 Cap. Soc. \u20ac 30.000,00 i.v.<\/span><\/p>\n[\/vc_column_text][\/vc_column][\/vc_row]\n<\/section>","protected":false},"excerpt":{"rendered":"<p>Calce qualificata per il restauro architettonico e la bioedilizia.<\/p>\n","protected":false},"author":5,"featured_media":27891,"parent":0,"menu_order":0,"comment_status":"closed","ping_status":"closed","template":"","meta":{"_joinchat":[],"footnotes":""},"class_list":["post-36245","page","type-page","status-publish","has-post-thumbnail","hentry","entry","has-media"],"yoast_head":"<!-- This site is optimized with the Yoast SEO plugin v27.5 - https:\/\/yoast.com\/product\/yoast-seo-wordpress\/ -->\n<title>Calce di Qualit\u00e0 Restauro e Bioedilizia | BANCA della CALCE<\/title>\n<meta name=\"description\" content=\"Calce idraulica naturale, grassello di calce, calce certificata per reastauro e bioedilizia. Scopri la calce di qualit\u00e0 di Banca della Calce!\" \/>\n<meta name=\"robots\" content=\"index, follow, max-snippet:-1, max-image-preview:large, max-video-preview:-1\" \/>\n<link rel=\"canonical\" href=\"https:\/\/www.bancadellacalce.it\/bdc\/calce-qualita\/\" \/>\n<meta property=\"og:locale\" content=\"it_IT\" \/>\n<meta property=\"og:type\" content=\"article\" \/>\n<meta property=\"og:title\" content=\"Calce Qualit\u00e0\" \/>\n<meta property=\"og:description\" content=\"Calce Qualit\u00e0, la calce qualificata per il restauro architettonico e la bioedilizia.\" \/>\n<meta property=\"og:url\" content=\"https:\/\/www.bancadellacalce.it\/bdc\/calce-qualita\/\" \/>\n<meta property=\"og:site_name\" content=\"La banca della calce\" \/>\n<meta property=\"article:publisher\" content=\"https:\/\/www.facebook.com\/La-Banca-della-Calce-223667067649398\/\" \/>\n<meta property=\"article:modified_time\" content=\"2021-04-08T15:28:22+00:00\" \/>\n<meta property=\"og:image\" content=\"https:\/\/www.bancadellacalce.it\/bdc\/wp-content\/uploads\/2015\/12\/bdc_fb-calcequalita.jpg\" \/>\n\t<meta property=\"og:image:width\" content=\"1667\" \/>\n\t<meta property=\"og:image:height\" content=\"872\" \/>\n\t<meta property=\"og:image:type\" content=\"image\/jpeg\" \/>\n<meta name=\"twitter:card\" content=\"summary_large_image\" \/>\n<meta name=\"twitter:label1\" content=\"Tempo di lettura stimato\" \/>\n\t<meta name=\"twitter:data1\" content=\"7 minuti\" \/>\n<script type=\"application\/ld+json\" class=\"yoast-schema-graph\">{\"@context\":\"https:\\\/\\\/schema.org\",\"@graph\":[{\"@type\":\"WebPage\",\"@id\":\"https:\\\/\\\/www.bancadellacalce.it\\\/bdc\\\/calce-qualita\\\/\",\"url\":\"https:\\\/\\\/www.bancadellacalce.it\\\/bdc\\\/calce-qualita\\\/\",\"name\":\"Calce di Qualit\u00e0 Restauro e Bioedilizia | BANCA della CALCE\",\"isPartOf\":{\"@id\":\"https:\\\/\\\/www.bancadellacalce.it\\\/bdc\\\/#website\"},\"primaryImageOfPage\":{\"@id\":\"https:\\\/\\\/www.bancadellacalce.it\\\/bdc\\\/calce-qualita\\\/#primaryimage\"},\"image\":{\"@id\":\"https:\\\/\\\/www.bancadellacalce.it\\\/bdc\\\/calce-qualita\\\/#primaryimage\"},\"thumbnailUrl\":\"https:\\\/\\\/www.bancadellacalce.it\\\/bdc\\\/wp-content\\\/uploads\\\/2020\\\/05\\\/CQ_Logo-2.png\",\"datePublished\":\"2021-02-25T10:50:46+00:00\",\"dateModified\":\"2021-04-08T15:28:22+00:00\",\"description\":\"Calce idraulica naturale, grassello di calce, calce certificata per reastauro e bioedilizia. Scopri la calce di qualit\u00e0 di Banca della Calce!\",\"breadcrumb\":{\"@id\":\"https:\\\/\\\/www.bancadellacalce.it\\\/bdc\\\/calce-qualita\\\/#breadcrumb\"},\"inLanguage\":\"it-IT\",\"potentialAction\":[{\"@type\":\"ReadAction\",\"target\":[\"https:\\\/\\\/www.bancadellacalce.it\\\/bdc\\\/calce-qualita\\\/\"]}]},{\"@type\":\"ImageObject\",\"inLanguage\":\"it-IT\",\"@id\":\"https:\\\/\\\/www.bancadellacalce.it\\\/bdc\\\/calce-qualita\\\/#primaryimage\",\"url\":\"https:\\\/\\\/www.bancadellacalce.it\\\/bdc\\\/wp-content\\\/uploads\\\/2020\\\/05\\\/CQ_Logo-2.png\",\"contentUrl\":\"https:\\\/\\\/www.bancadellacalce.it\\\/bdc\\\/wp-content\\\/uploads\\\/2020\\\/05\\\/CQ_Logo-2.png\",\"width\":596,\"height\":596,\"caption\":\"Logo Calce Qualit\u00e0 new\"},{\"@type\":\"BreadcrumbList\",\"@id\":\"https:\\\/\\\/www.bancadellacalce.it\\\/bdc\\\/calce-qualita\\\/#breadcrumb\",\"itemListElement\":[{\"@type\":\"ListItem\",\"position\":1,\"name\":\"Home\",\"item\":\"https:\\\/\\\/www.bancadellacalce.it\\\/bdc\\\/\"},{\"@type\":\"ListItem\",\"position\":2,\"name\":\"CalceQualit\u00e0\"}]},{\"@type\":\"WebSite\",\"@id\":\"https:\\\/\\\/www.bancadellacalce.it\\\/bdc\\\/#website\",\"url\":\"https:\\\/\\\/www.bancadellacalce.it\\\/bdc\\\/\",\"name\":\"La banca della calce\",\"description\":\"Costruire per natura\",\"publisher\":{\"@id\":\"https:\\\/\\\/www.bancadellacalce.it\\\/bdc\\\/#organization\"},\"potentialAction\":[{\"@type\":\"SearchAction\",\"target\":{\"@type\":\"EntryPoint\",\"urlTemplate\":\"https:\\\/\\\/www.bancadellacalce.it\\\/bdc\\\/?s={search_term_string}\"},\"query-input\":{\"@type\":\"PropertyValueSpecification\",\"valueRequired\":true,\"valueName\":\"search_term_string\"}}],\"inLanguage\":\"it-IT\"},{\"@type\":\"Organization\",\"@id\":\"https:\\\/\\\/www.bancadellacalce.it\\\/bdc\\\/#organization\",\"name\":\"La Banca della Calce\",\"url\":\"https:\\\/\\\/www.bancadellacalce.it\\\/bdc\\\/\",\"logo\":{\"@type\":\"ImageObject\",\"inLanguage\":\"it-IT\",\"@id\":\"https:\\\/\\\/www.bancadellacalce.it\\\/bdc\\\/#\\\/schema\\\/logo\\\/image\\\/\",\"url\":\"https:\\\/\\\/www.bancadellacalce.it\\\/bdc\\\/wp-content\\\/uploads\\\/2016\\\/01\\\/logo-labancadellacalce.png\",\"contentUrl\":\"https:\\\/\\\/www.bancadellacalce.it\\\/bdc\\\/wp-content\\\/uploads\\\/2016\\\/01\\\/logo-labancadellacalce.png\",\"width\":729,\"height\":125,\"caption\":\"La Banca della Calce\"},\"image\":{\"@id\":\"https:\\\/\\\/www.bancadellacalce.it\\\/bdc\\\/#\\\/schema\\\/logo\\\/image\\\/\"},\"sameAs\":[\"https:\\\/\\\/www.facebook.com\\\/La-Banca-della-Calce-223667067649398\\\/\",\"https:\\\/\\\/www.instagram.com\\\/labancadellacalce\\\/\",\"https:\\\/\\\/www.linkedin.com\\\/company\\\/19183447\"]}]}<\/script>\n<!-- \/ Yoast SEO plugin. -->","yoast_head_json":{"title":"Calce di Qualit\u00e0 Restauro e Bioedilizia | BANCA della CALCE","description":"Calce idraulica naturale, grassello di calce, calce certificata per reastauro e bioedilizia. Scopri la calce di qualit\u00e0 di Banca della Calce!","robots":{"index":"index","follow":"follow","max-snippet":"max-snippet:-1","max-image-preview":"max-image-preview:large","max-video-preview":"max-video-preview:-1"},"canonical":"https:\/\/www.bancadellacalce.it\/bdc\/calce-qualita\/","og_locale":"it_IT","og_type":"article","og_title":"Calce Qualit\u00e0","og_description":"Calce Qualit\u00e0, la calce qualificata per il restauro architettonico e la bioedilizia.","og_url":"https:\/\/www.bancadellacalce.it\/bdc\/calce-qualita\/","og_site_name":"La banca della calce","article_publisher":"https:\/\/www.facebook.com\/La-Banca-della-Calce-223667067649398\/","article_modified_time":"2021-04-08T15:28:22+00:00","og_image":[{"width":1667,"height":872,"url":"https:\/\/www.bancadellacalce.it\/bdc\/wp-content\/uploads\/2015\/12\/bdc_fb-calcequalita.jpg","type":"image\/jpeg"}],"twitter_card":"summary_large_image","twitter_misc":{"Tempo di lettura stimato":"7 minuti"},"schema":{"@context":"https:\/\/schema.org","@graph":[{"@type":"WebPage","@id":"https:\/\/www.bancadellacalce.it\/bdc\/calce-qualita\/","url":"https:\/\/www.bancadellacalce.it\/bdc\/calce-qualita\/","name":"Calce di Qualit\u00e0 Restauro e Bioedilizia | BANCA della CALCE","isPartOf":{"@id":"https:\/\/www.bancadellacalce.it\/bdc\/#website"},"primaryImageOfPage":{"@id":"https:\/\/www.bancadellacalce.it\/bdc\/calce-qualita\/#primaryimage"},"image":{"@id":"https:\/\/www.bancadellacalce.it\/bdc\/calce-qualita\/#primaryimage"},"thumbnailUrl":"https:\/\/www.bancadellacalce.it\/bdc\/wp-content\/uploads\/2020\/05\/CQ_Logo-2.png","datePublished":"2021-02-25T10:50:46+00:00","dateModified":"2021-04-08T15:28:22+00:00","description":"Calce idraulica naturale, grassello di calce, calce certificata per reastauro e bioedilizia. Scopri la calce di qualit\u00e0 di Banca della Calce!","breadcrumb":{"@id":"https:\/\/www.bancadellacalce.it\/bdc\/calce-qualita\/#breadcrumb"},"inLanguage":"it-IT","potentialAction":[{"@type":"ReadAction","target":["https:\/\/www.bancadellacalce.it\/bdc\/calce-qualita\/"]}]},{"@type":"ImageObject","inLanguage":"it-IT","@id":"https:\/\/www.bancadellacalce.it\/bdc\/calce-qualita\/#primaryimage","url":"https:\/\/www.bancadellacalce.it\/bdc\/wp-content\/uploads\/2020\/05\/CQ_Logo-2.png","contentUrl":"https:\/\/www.bancadellacalce.it\/bdc\/wp-content\/uploads\/2020\/05\/CQ_Logo-2.png","width":596,"height":596,"caption":"Logo Calce Qualit\u00e0 new"},{"@type":"BreadcrumbList","@id":"https:\/\/www.bancadellacalce.it\/bdc\/calce-qualita\/#breadcrumb","itemListElement":[{"@type":"ListItem","position":1,"name":"Home","item":"https:\/\/www.bancadellacalce.it\/bdc\/"},{"@type":"ListItem","position":2,"name":"CalceQualit\u00e0"}]},{"@type":"WebSite","@id":"https:\/\/www.bancadellacalce.it\/bdc\/#website","url":"https:\/\/www.bancadellacalce.it\/bdc\/","name":"La banca della calce","description":"Costruire per natura","publisher":{"@id":"https:\/\/www.bancadellacalce.it\/bdc\/#organization"},"potentialAction":[{"@type":"SearchAction","target":{"@type":"EntryPoint","urlTemplate":"https:\/\/www.bancadellacalce.it\/bdc\/?s={search_term_string}"},"query-input":{"@type":"PropertyValueSpecification","valueRequired":true,"valueName":"search_term_string"}}],"inLanguage":"it-IT"},{"@type":"Organization","@id":"https:\/\/www.bancadellacalce.it\/bdc\/#organization","name":"La Banca della Calce","url":"https:\/\/www.bancadellacalce.it\/bdc\/","logo":{"@type":"ImageObject","inLanguage":"it-IT","@id":"https:\/\/www.bancadellacalce.it\/bdc\/#\/schema\/logo\/image\/","url":"https:\/\/www.bancadellacalce.it\/bdc\/wp-content\/uploads\/2016\/01\/logo-labancadellacalce.png","contentUrl":"https:\/\/www.bancadellacalce.it\/bdc\/wp-content\/uploads\/2016\/01\/logo-labancadellacalce.png","width":729,"height":125,"caption":"La Banca della Calce"},"image":{"@id":"https:\/\/www.bancadellacalce.it\/bdc\/#\/schema\/logo\/image\/"},"sameAs":["https:\/\/www.facebook.com\/La-Banca-della-Calce-223667067649398\/","https:\/\/www.instagram.com\/labancadellacalce\/","https:\/\/www.linkedin.com\/company\/19183447"]}]}},"_links":{"self":[{"href":"https:\/\/www.bancadellacalce.it\/bdc\/wp-json\/wp\/v2\/pages\/36245","targetHints":{"allow":["GET"]}}],"collection":[{"href":"https:\/\/www.bancadellacalce.it\/bdc\/wp-json\/wp\/v2\/pages"}],"about":[{"href":"https:\/\/www.bancadellacalce.it\/bdc\/wp-json\/wp\/v2\/types\/page"}],"author":[{"embeddable":true,"href":"https:\/\/www.bancadellacalce.it\/bdc\/wp-json\/wp\/v2\/users\/5"}],"replies":[{"embeddable":true,"href":"https:\/\/www.bancadellacalce.it\/bdc\/wp-json\/wp\/v2\/comments?post=36245"}],"version-history":[{"count":0,"href":"https:\/\/www.bancadellacalce.it\/bdc\/wp-json\/wp\/v2\/pages\/36245\/revisions"}],"wp:featuredmedia":[{"embeddable":true,"href":"https:\/\/www.bancadellacalce.it\/bdc\/wp-json\/wp\/v2\/media\/27891"}],"wp:attachment":[{"href":"https:\/\/www.bancadellacalce.it\/bdc\/wp-json\/wp\/v2\/media?parent=36245"}],"curies":[{"name":"wp","href":"https:\/\/api.w.org\/{rel}","templated":true}]}}